{"id":1016,"date":"2022-10-04T10:36:32","date_gmt":"2022-10-04T10:36:32","guid":{"rendered":"https:\/\/bookatour.amsterdam\/?page_id=1016"},"modified":"2022-12-19T20:45:38","modified_gmt":"2022-12-19T20:45:38","slug":"sitemap","status":"publish","type":"page","link":"https:\/\/bookatour.amsterdam\/de\/sitemap\/","title":{"rendered":"Sitemap"},"content":{"rendered":"<div data-elementor-type=\"wp-page\" data-elementor-id=\"1016\" class=\"elementor elementor-1016\" data-elementor-post-type=\"page\">\n\t\t\t\t\t\t<section class=\"elementor-section elementor-top-section elementor-element elementor-element-f26ae2f elementor-section-boxed elementor-section-height-default elementor-section-height-default\" data-id=\"f26ae2f\" data-element_type=\"section\">\n\t\t\t\t\t\t<div class=\"elementor-container elementor-column-gap-default\">\n\t\t\t\t\t<div class=\"elementor-column elementor-col-100 elementor-top-column elementor-element elementor-element-624a68b\" data-id=\"624a68b\" data-element_type=\"column\">\n\t\t\t<div class=\"elementor-widget-wrap elementor-element-populated\">\n\t\t\t\t\t\t<div class=\"elementor-element elementor-element-48d9317 elementor-widget elementor-widget-sitemap\" data-id=\"48d9317\" data-element_type=\"widget\" data-widget_type=\"sitemap.default\">\n\t\t\t\t\t<div class=\"elementor-sitemap-wrap\"><div class=\"elementor-sitemap-section\"><h2 class=\"elementor-sitemap-title elementor-sitemap-page-title\">Pages<\/h2><ul class=\"elementor-sitemap-list elementor-sitemap-page-list\"><li class=\"elementor-sitemap-item elementor-sitemap-item-page page_item page-item-16014\"><a href=\"https:\/\/bookatour.amsterdam\/de\/newsletter-subscribe\/\">Newsletter Subscribe<\/a><\/li><li class=\"elementor-sitemap-item elementor-sitemap-item-page page_item page-item-15758\"><a href=\"https:\/\/bookatour.amsterdam\/de\/private-canal-tours-amsterdam\/amsterdam-proposal-boat-tour\/\">Tour zum Heiratsantrag<\/a><\/li><li class=\"elementor-sitemap-item elementor-sitemap-item-page page_item page-item-15682\"><a href=\"https:\/\/bookatour.amsterdam\/de\/landing-page-version-2\/\">Landing page version 2<\/a><\/li><li class=\"elementor-sitemap-item elementor-sitemap-item-page page_item page-item-15045\"><a href=\"https:\/\/bookatour.amsterdam\/de\/new-landing-page\/\">New Landing Page<\/a><\/li><li class=\"elementor-sitemap-item elementor-sitemap-item-page page_item page-item-12988\"><a href=\"https:\/\/bookatour.amsterdam\/de\/our-tours\/tour-1\/\">Private 1-st\u00fcndige Grachtenfahrt<\/a><\/li><li class=\"elementor-sitemap-item elementor-sitemap-item-page page_item page-item-11850\"><a href=\"https:\/\/bookatour.amsterdam\/de\/our-tours\/\">Unsere Touren<\/a><\/li><li class=\"elementor-sitemap-item elementor-sitemap-item-page page_item page-item-11413\"><a href=\"https:\/\/bookatour.amsterdam\/de\/contact\/thank-you\/\">Thank You<\/a><\/li><li class=\"elementor-sitemap-item elementor-sitemap-item-page page_item page-item-11003\"><a href=\"https:\/\/bookatour.amsterdam\/de\/\">Startseite<\/a><\/li><li class=\"elementor-sitemap-item elementor-sitemap-item-page page_item page-item-9559\"><a href=\"https:\/\/bookatour.amsterdam\/de\/private-canal-tours-amsterdam\/pizza-boat-tour\/\">Pizza Boat Tour<\/a><\/li><li class=\"elementor-sitemap-item elementor-sitemap-item-page page_item page-item-5821\"><a href=\"https:\/\/bookatour.amsterdam\/de\/pricing-information\/\">Preisinformationen<\/a><\/li><li class=\"elementor-sitemap-item elementor-sitemap-item-page page_item page-item-5773\"><a href=\"https:\/\/bookatour.amsterdam\/de\/dog-friendly-boat-tour\/\">Dog-friendly Boat tour<\/a><\/li><li class=\"elementor-sitemap-item elementor-sitemap-item-page page_item page-item-5519\"><a href=\"https:\/\/bookatour.amsterdam\/de\/linktree\/\">Linktree<\/a><\/li><li class=\"elementor-sitemap-item elementor-sitemap-item-page page_item page-item-5396\"><a href=\"https:\/\/bookatour.amsterdam\/de\/news\/\">News<\/a><\/li><li class=\"elementor-sitemap-item elementor-sitemap-item-page page_item page-item-4566\"><a href=\"https:\/\/bookatour.amsterdam\/de\/passeio-de-barco-privado-amsterda\/\">Passeio de barco privado pelos Canais de Amsterd\u00e3<\/a><\/li><li class=\"elementor-sitemap-item elementor-sitemap-item-page page_item page-item-4274\"><a href=\"https:\/\/bookatour.amsterdam\/de\/canal-tour-amsterdam\/\">Canal tour Amsterdam<\/a><\/li><li class=\"elementor-sitemap-item elementor-sitemap-item-page page_item page-item-4271\"><a href=\"https:\/\/bookatour.amsterdam\/de\/boat-tours-amsterdam\/\">Boat tours Amsterdam<\/a><\/li><li class=\"elementor-sitemap-item elementor-sitemap-item-page page_item page-item-4268\"><a href=\"https:\/\/bookatour.amsterdam\/de\/amsterdam-canal-boat\/\">Amsterdam canal boat<\/a><\/li><li class=\"elementor-sitemap-item elementor-sitemap-item-page page_item page-item-4265\"><a href=\"https:\/\/bookatour.amsterdam\/de\/amsterdam-canal-boat-tour\/\">Amsterdam canal boat tour<\/a><\/li><li class=\"elementor-sitemap-item elementor-sitemap-item-page page_item page-item-4252\"><a href=\"https:\/\/bookatour.amsterdam\/de\/private-boat-tour-amsterdam\/\">Private boat tour Amsterdam<\/a><\/li><li class=\"elementor-sitemap-item elementor-sitemap-item-page page_item page-item-4223\"><a href=\"https:\/\/bookatour.amsterdam\/de\/boat-tour-amsterdam\/\">Boat tour Amsterdam<\/a><\/li><li class=\"elementor-sitemap-item elementor-sitemap-item-page page_item page-item-4072\"><a href=\"https:\/\/bookatour.amsterdam\/de\/linkpartners-amsterdam-boat-tours\/\">Linkpartners<\/a><\/li><li class=\"elementor-sitemap-item elementor-sitemap-item-page page_item page-item-3923\"><a href=\"https:\/\/bookatour.amsterdam\/de\/private-canal-tour-amsterdam\/\">Private canal tour Amsterdam<\/a><\/li><li class=\"elementor-sitemap-item elementor-sitemap-item-page page_item page-item-3637\"><a href=\"https:\/\/bookatour.amsterdam\/de\/best-canal-cruise-amsterdam\/\">Best Canal Cruise Amsterdam<\/a><\/li><li class=\"elementor-sitemap-item elementor-sitemap-item-page page_item page-item-1296\"><a href=\"https:\/\/bookatour.amsterdam\/de\/about\/boat-tour-amsterdam-faq\/\">H\u00e4ufige Fragen<\/a><\/li><li class=\"elementor-sitemap-item elementor-sitemap-item-page page_item page-item-1016\"><a href=\"https:\/\/bookatour.amsterdam\/de\/sitemap\/\">Sitemap<\/a><\/li><li class=\"elementor-sitemap-item elementor-sitemap-item-page page_item page-item-896\"><a href=\"https:\/\/bookatour.amsterdam\/de\/private-canal-tours-amsterdam\/amsterdam-light-festival-tour\/\">Amsterdam Light Festival Tour<\/a><\/li><li class=\"elementor-sitemap-item elementor-sitemap-item-page page_item page-item-787\"><a href=\"https:\/\/bookatour.amsterdam\/de\/hondvriendelijke-rondvaart-amsterdam\/\">Hondvriendelijke familie rondvaart<\/a><\/li><li class=\"elementor-sitemap-item elementor-sitemap-item-page page_item page-item-47\"><a href=\"https:\/\/bookatour.amsterdam\/de\/video\/\">Videos<\/a><\/li><li class=\"elementor-sitemap-item elementor-sitemap-item-page page_item page-item-46 current_page_parent\"><a href=\"https:\/\/bookatour.amsterdam\/de\/blog\/\">Blog<\/a><\/li><li class=\"elementor-sitemap-item elementor-sitemap-item-page page_item page-item-45\"><a href=\"https:\/\/bookatour.amsterdam\/de\/terms-conditions-book-a-tour-amsterdam\/\">Bedingungen und Konditionen<\/a><\/li><li class=\"elementor-sitemap-item elementor-sitemap-item-page page_item page-item-44\"><a href=\"https:\/\/bookatour.amsterdam\/de\/about\/boats\/\">Unsere Boote<\/a><\/li><li class=\"elementor-sitemap-item elementor-sitemap-item-page page_item page-item-43\"><a href=\"https:\/\/bookatour.amsterdam\/de\/contact\/\">Kontakt<\/a><\/li><li class=\"elementor-sitemap-item elementor-sitemap-item-page page_item page-item-41\"><a href=\"https:\/\/bookatour.amsterdam\/de\/about\/\">\u00dcber uns<\/a><\/li><li class=\"elementor-sitemap-item elementor-sitemap-item-page page_item page-item-39\"><a href=\"https:\/\/bookatour.amsterdam\/de\/private-canal-tours-amsterdam\/90-minute-private-canal-tour-amsterdam\/\">Private 90-min\u00fctige Grachtenfahrt<\/a><\/li><li class=\"elementor-sitemap-item elementor-sitemap-item-page page_item page-item-38\"><a href=\"https:\/\/bookatour.amsterdam\/de\/private-canal-tours-amsterdam\/2-hour-private-canal-tour-amsterdam\/\">Private 2-st\u00fcndige Grachtenfahrt<\/a><\/li><li class=\"elementor-sitemap-item elementor-sitemap-item-page page_item page-item-37\"><a href=\"https:\/\/bookatour.amsterdam\/de\/private-canal-tours-amsterdam\/1-hour-private-canal-tour-amsterdam\/\">Private 1-st\u00fcndige Grachtenfahrt<\/a><\/li><li class=\"elementor-sitemap-item elementor-sitemap-item-page page_item page-item-36\"><a href=\"https:\/\/bookatour.amsterdam\/de\/private-canal-tours-amsterdam\/\">Touren<\/a><\/li><\/ul><\/div><div class=\"elementor-sitemap-section\"><h2 class=\"elementor-sitemap-title elementor-sitemap-post-title\">Beitr\u00e4ge<\/h2><ul class=\"elementor-sitemap-list elementor-sitemap-post-list\"><li class=\"elementor-sitemap-item elementor-sitemap-item-post page_item page-item-9332\"><a href=\"https:\/\/bookatour.amsterdam\/de\/2025\/05\/13\/plan-private-boat-tour-amsterdam\/\">So planen Sie eine private Grachtenfahrt in Amsterdam\nTipps f\u00fcr ein unvergessliches Erlebnis<\/a><\/li><li class=\"elementor-sitemap-item elementor-sitemap-item-post page_item page-item-9086\"><a href=\"https:\/\/bookatour.amsterdam\/de\/2025\/04\/13\/how-to-find-an-intimate-and-personable-boat-tour-in-amsterdam\/\">So finden Sie eine pers\u00f6nliche und intime Bootstour in Amsterdam<\/a><\/li><li class=\"elementor-sitemap-item elementor-sitemap-item-post page_item page-item-7516\"><a href=\"https:\/\/bookatour.amsterdam\/de\/2024\/05\/27\/video-private-tour-amsterdam-canals\/\">Private Grachtenfahrt in Amsterdam | Exklusives Bootserlebnis<\/a><\/li><li class=\"elementor-sitemap-item elementor-sitemap-item-post page_item page-item-6824\"><a href=\"https:\/\/bookatour.amsterdam\/de\/2024\/02\/08\/recap-amsterdam-light-festival\/\">R\u00fcckblick: Amsterdam Light Festival<\/a><\/li><li class=\"elementor-sitemap-item elementor-sitemap-item-post page_item page-item-6333\"><a href=\"https:\/\/bookatour.amsterdam\/de\/2023\/11\/23\/amsterdam-light-festival-boat-tour-guide\/\">Amsterdam Light Festival<\/a><\/li><li class=\"elementor-sitemap-item elementor-sitemap-item-post page_item page-item-4442\"><a href=\"https:\/\/bookatour.amsterdam\/de\/2022\/12\/30\/cruise-the-frozen-amsterdam-canals\/\">Fahren Sie auf den zugefrorenen Amsterdamer Grachten!<\/a><\/li><li class=\"elementor-sitemap-item elementor-sitemap-item-post page_item page-item-446\"><a href=\"https:\/\/bookatour.amsterdam\/de\/2022\/09\/01\/amsterdam-video-hermitage\/\">Besuchen Sie die Hermitage mit dem Boot<\/a><\/li><li class=\"elementor-sitemap-item elementor-sitemap-item-post page_item page-item-438\"><a href=\"https:\/\/bookatour.amsterdam\/de\/2022\/09\/01\/canal-ride-amsterdam\/\">Segeln Sie mit mir<\/a><\/li><li class=\"elementor-sitemap-item elementor-sitemap-item-post page_item page-item-430\"><a href=\"https:\/\/bookatour.amsterdam\/de\/2022\/09\/01\/drone-footage-amsterdam-canals\/\">Fliegen Sie durch Amsterdam<\/a><\/li><li class=\"elementor-sitemap-item elementor-sitemap-item-post page_item page-item-422\"><a href=\"https:\/\/bookatour.amsterdam\/de\/2022\/09\/01\/video-amsterdam-brouwersgracht\/\">Brouwersgracht<\/a><\/li><li class=\"elementor-sitemap-item elementor-sitemap-item-post page_item page-item-414\"><a href=\"https:\/\/bookatour.amsterdam\/de\/2022\/09\/01\/video-prinseneiland-amsterdam\/\">Westliche Inseln<\/a><\/li><li class=\"elementor-sitemap-item elementor-sitemap-item-post page_item page-item-406\"><a href=\"https:\/\/bookatour.amsterdam\/de\/2022\/09\/01\/video-amstel-river\/\">Amstel<\/a><\/li><li class=\"elementor-sitemap-item elementor-sitemap-item-post page_item page-item-394\"><a href=\"https:\/\/bookatour.amsterdam\/de\/2022\/09\/01\/video-amsterdam-jordaan\/\">Jordaan<\/a><\/li><li class=\"elementor-sitemap-item elementor-sitemap-item-post page_item page-item-235\"><a href=\"https:\/\/bookatour.amsterdam\/de\/2022\/09\/01\/amsterdam-coffee-shops\/\">Sind die Coffeeshops nur f\u00fcr Touristen?<\/a><\/li><li class=\"elementor-sitemap-item elementor-sitemap-item-post page_item page-item-233\"><a href=\"https:\/\/bookatour.amsterdam\/de\/2022\/09\/01\/can-you-swim-in-amsterdam-canals\/\">Kann man in den Amsterdamer Grachten schwimmen?<\/a><\/li><li class=\"elementor-sitemap-item elementor-sitemap-item-post page_item page-item-231\"><a href=\"https:\/\/bookatour.amsterdam\/de\/2022\/09\/01\/unusual-museums-in-amsterdam\/\">6 \u00fcberraschende Museen in Amsterdam<\/a><\/li><li class=\"elementor-sitemap-item elementor-sitemap-item-post page_item page-item-229\"><a href=\"https:\/\/bookatour.amsterdam\/de\/2022\/09\/01\/amsterdam-canal-houses\/\">Das Haus mit den Tausend Fenstern<\/a><\/li><li class=\"elementor-sitemap-item elementor-sitemap-item-post page_item page-item-227\"><a href=\"https:\/\/bookatour.amsterdam\/de\/2022\/09\/01\/things-to-do-in-amsterdam-west\/\">5 Orte, die man in Amsterdam West besuchen sollte<\/a><\/li><li class=\"elementor-sitemap-item elementor-sitemap-item-post page_item page-item-225\"><a href=\"https:\/\/bookatour.amsterdam\/de\/2022\/09\/01\/kingsday-amsterdam\/\">K\u00f6nigstag in Amsterdam<\/a><\/li><li class=\"elementor-sitemap-item elementor-sitemap-item-post page_item page-item-223\"><a href=\"https:\/\/bookatour.amsterdam\/de\/2022\/09\/01\/amsterdam-canals-festival\/\">10 Festivals auf dem Wasser in Amsterdam<\/a><\/li><li class=\"elementor-sitemap-item elementor-sitemap-item-post page_item page-item-221\"><a href=\"https:\/\/bookatour.amsterdam\/de\/2022\/09\/01\/amsterdam-bridges-and-canals\/\">5 unglaubliche Geheimnisse \u00fcber Amsterdams Br\u00fccken<\/a><\/li><li class=\"elementor-sitemap-item elementor-sitemap-item-post page_item page-item-219\"><a href=\"https:\/\/bookatour.amsterdam\/de\/2022\/09\/01\/unusual-things-to-do-in-amsterdam\/\">6 ungew\u00f6hnliche Kanaltouren, wenn das Normale nicht ausreicht<\/a><\/li><li class=\"elementor-sitemap-item elementor-sitemap-item-post page_item page-item-217\"><a href=\"https:\/\/bookatour.amsterdam\/de\/2022\/09\/01\/lost-keys-amsterdam\/\">Was w\u00fcrden Sie tun, wenn Sie Ihre Schl\u00fcssel in den Kanal fallen lassen w\u00fcrden?<\/a><\/li><li class=\"elementor-sitemap-item elementor-sitemap-item-post page_item page-item-215\"><a href=\"https:\/\/bookatour.amsterdam\/de\/2022\/09\/01\/music-boat-amsterdam\/\">H\u00f6hepunkte der Amsterdamer Grachten: Das Musikboot<\/a><\/li><li class=\"elementor-sitemap-item elementor-sitemap-item-post page_item page-item-213\"><a href=\"https:\/\/bookatour.amsterdam\/de\/2022\/09\/01\/animals-amsterdam-canals\/\">Welche Tiere leben in den niederl\u00e4ndischen Grachten?<\/a><\/li><li class=\"elementor-sitemap-item elementor-sitemap-item-post page_item page-item-211\"><a href=\"https:\/\/bookatour.amsterdam\/de\/2022\/09\/01\/alternative-things-to-do-in-amsterdam\/\">5 alternative Attraktionen in Amsterdam, bei denen Sie die Touristen meiden werden<\/a><\/li><li class=\"elementor-sitemap-item elementor-sitemap-item-post page_item page-item-209\"><a href=\"https:\/\/bookatour.amsterdam\/de\/2022\/09\/01\/swim-in-amsterdam\/\">7+ Fantastische Orte zum Schwimmen in nat\u00fcrlichem Wasser in Amsterdam<\/a><\/li><li class=\"elementor-sitemap-item elementor-sitemap-item-post page_item page-item-207\"><a href=\"https:\/\/bookatour.amsterdam\/de\/2022\/09\/01\/to-do-in-amsterdam-in-winter\/\">Was man im winterlichen Amsterdam unternehmen kann<\/a><\/li><li class=\"elementor-sitemap-item elementor-sitemap-item-post page_item page-item-205\"><a href=\"https:\/\/bookatour.amsterdam\/de\/2022\/09\/01\/why-is-amsterdam-not-under-water\/\">Wie Amsterdam sich vor dem Wasser sch\u00fctzt<\/a><\/li><li class=\"elementor-sitemap-item elementor-sitemap-item-post page_item page-item-203\"><a href=\"https:\/\/bookatour.amsterdam\/de\/2022\/09\/01\/facts-about-amsterdam-canals\/\">5 faszinierende Fakten \u00fcber die niederl\u00e4ndischen Grachten<\/a><\/li><li class=\"elementor-sitemap-item elementor-sitemap-item-post page_item page-item-201\"><a href=\"https:\/\/bookatour.amsterdam\/de\/2022\/09\/01\/houseboat-in-amsterdam\/\">Wie ist es, auf einem Hausboot in Amsterdam zu leben?<\/a><\/li><li class=\"elementor-sitemap-item elementor-sitemap-item-post page_item page-item-199\"><a href=\"https:\/\/bookatour.amsterdam\/de\/2022\/09\/01\/dutch-war-of-independence\/\">Wie die Niederl\u00e4nder ihre Unabh\u00e4ngigkeit erlangten<\/a><\/li><li class=\"elementor-sitemap-item elementor-sitemap-item-post page_item page-item-189\"><a href=\"https:\/\/bookatour.amsterdam\/de\/2022\/09\/01\/why-is-cycling-so-popular-in-amsterdam\/\">Fahrr\u00e4der!<\/a><\/li><\/ul><\/div><\/div>\t\t\t\t<\/div>\n\t\t\t\t\t<\/div>\n\t\t<\/div>\n\t\t\t\t\t<\/div>\n\t\t<\/section>\n\t\t\t\t<\/div>","protected":false},"excerpt":{"rendered":"","protected":false},"author":1,"featured_media":0,"parent":0,"menu_order":0,"comment_status":"closed","ping_status":"closed","template":"","meta":{"footnotes":""},"class_list":["post-1016","page","type-page","status-publish","hentry"],"yoast_head":"<!-- This site is optimized with the Yoast SEO plugin v26.8 - https:\/\/yoast.com\/product\/yoast-seo-wordpress\/ -->\n<title>Sitemap - Book a Tour Amsterdam<\/title>\n<meta name=\"robots\" content=\"index, follow, max-snippet:-1, max-image-preview:large, max-video-preview:-1\" \/>\n<link rel=\"canonical\" href=\"https:\/\/bookatour.amsterdam\/de\/sitemap\/\" \/>\n<meta property=\"og:locale\" content=\"de_DE\" \/>\n<meta property=\"og:type\" content=\"article\" \/>\n<meta property=\"og:title\" content=\"Sitemap - Book a Tour Amsterdam\" \/>\n<meta property=\"og:url\" content=\"https:\/\/bookatour.amsterdam\/de\/sitemap\/\" \/>\n<meta property=\"og:site_name\" content=\"Book a Tour Amsterdam\" \/>\n<meta property=\"article:publisher\" content=\"https:\/\/www.facebook.com\/RederijPaping\" \/>\n<meta property=\"article:modified_time\" content=\"2022-12-19T20:45:38+00:00\" \/>\n<meta name=\"twitter:card\" content=\"summary_large_image\" \/>\n<meta name=\"twitter:label1\" content=\"Gesch\u00e4tzte Lesezeit\" \/>\n\t<meta name=\"twitter:data1\" content=\"1\u00a0Minute\" \/>\n<script type=\"application\/ld+json\" class=\"yoast-schema-graph\">{\"@context\":\"https:\/\/schema.org\",\"@graph\":[{\"@type\":\"WebPage\",\"@id\":\"https:\/\/bookatour.amsterdam\/nl\/sitemap\/\",\"url\":\"https:\/\/bookatour.amsterdam\/nl\/sitemap\/\",\"name\":\"Sitemap - Book a Tour Amsterdam\",\"isPartOf\":{\"@id\":\"https:\/\/bookatour.amsterdam\/#website\"},\"datePublished\":\"2022-10-04T10:36:32+00:00\",\"dateModified\":\"2022-12-19T20:45:38+00:00\",\"breadcrumb\":{\"@id\":\"https:\/\/bookatour.amsterdam\/nl\/sitemap\/#breadcrumb\"},\"inLanguage\":\"de\",\"potentialAction\":[{\"@type\":\"ReadAction\",\"target\":[\"https:\/\/bookatour.amsterdam\/nl\/sitemap\/\"]}]},{\"@type\":\"BreadcrumbList\",\"@id\":\"https:\/\/bookatour.amsterdam\/nl\/sitemap\/#breadcrumb\",\"itemListElement\":[{\"@type\":\"ListItem\",\"position\":1,\"name\":\"Home\",\"item\":\"https:\/\/bookatour.amsterdam\/\"},{\"@type\":\"ListItem\",\"position\":2,\"name\":\"Sitemap\"}]},{\"@type\":\"WebSite\",\"@id\":\"https:\/\/bookatour.amsterdam\/#website\",\"url\":\"https:\/\/bookatour.amsterdam\/\",\"name\":\"Book a Tour Amsterdam\",\"description\":\"Private Canal Cruise Amsterdam\",\"publisher\":{\"@id\":\"https:\/\/bookatour.amsterdam\/#organization\"},\"potentialAction\":[{\"@type\":\"SearchAction\",\"target\":{\"@type\":\"EntryPoint\",\"urlTemplate\":\"https:\/\/bookatour.amsterdam\/?s={search_term_string}\"},\"query-input\":{\"@type\":\"PropertyValueSpecification\",\"valueRequired\":true,\"valueName\":\"search_term_string\"}}],\"inLanguage\":\"de\"},{\"@type\":\"Organization\",\"@id\":\"https:\/\/bookatour.amsterdam\/#organization\",\"name\":\"Book a Tour Amsterdam\",\"url\":\"https:\/\/bookatour.amsterdam\/\",\"logo\":{\"@type\":\"ImageObject\",\"inLanguage\":\"de\",\"@id\":\"https:\/\/bookatour.amsterdam\/#\/schema\/logo\/image\/\",\"url\":\"https:\/\/bookatour.amsterdam\/wp-content\/uploads\/2022\/09\/Site-Logo.png\",\"contentUrl\":\"https:\/\/bookatour.amsterdam\/wp-content\/uploads\/2022\/09\/Site-Logo.png\",\"width\":512,\"height\":512,\"caption\":\"Book a Tour Amsterdam\"},\"image\":{\"@id\":\"https:\/\/bookatour.amsterdam\/#\/schema\/logo\/image\/\"},\"sameAs\":[\"https:\/\/www.facebook.com\/RederijPaping\",\"https:\/\/www.instagram.com\/rederij.paping\/\"]}]}<\/script>\n<!-- \/ Yoast SEO plugin. -->","yoast_head_json":{"title":"Sitemap - Book a Tour Amsterdam","robots":{"index":"index","follow":"follow","max-snippet":"max-snippet:-1","max-image-preview":"max-image-preview:large","max-video-preview":"max-video-preview:-1"},"canonical":"https:\/\/bookatour.amsterdam\/de\/sitemap\/","og_locale":"de_DE","og_type":"article","og_title":"Sitemap - Book a Tour Amsterdam","og_url":"https:\/\/bookatour.amsterdam\/de\/sitemap\/","og_site_name":"Book a Tour Amsterdam","article_publisher":"https:\/\/www.facebook.com\/RederijPaping","article_modified_time":"2022-12-19T20:45:38+00:00","twitter_card":"summary_large_image","twitter_misc":{"Gesch\u00e4tzte Lesezeit":"1\u00a0Minute"},"schema":{"@context":"https:\/\/schema.org","@graph":[{"@type":"WebPage","@id":"https:\/\/bookatour.amsterdam\/nl\/sitemap\/","url":"https:\/\/bookatour.amsterdam\/nl\/sitemap\/","name":"Sitemap - Book a Tour Amsterdam","isPartOf":{"@id":"https:\/\/bookatour.amsterdam\/#website"},"datePublished":"2022-10-04T10:36:32+00:00","dateModified":"2022-12-19T20:45:38+00:00","breadcrumb":{"@id":"https:\/\/bookatour.amsterdam\/nl\/sitemap\/#breadcrumb"},"inLanguage":"de","potentialAction":[{"@type":"ReadAction","target":["https:\/\/bookatour.amsterdam\/nl\/sitemap\/"]}]},{"@type":"BreadcrumbList","@id":"https:\/\/bookatour.amsterdam\/nl\/sitemap\/#breadcrumb","itemListElement":[{"@type":"ListItem","position":1,"name":"Home","item":"https:\/\/bookatour.amsterdam\/"},{"@type":"ListItem","position":2,"name":"Sitemap"}]},{"@type":"WebSite","@id":"https:\/\/bookatour.amsterdam\/#website","url":"https:\/\/bookatour.amsterdam\/","name":"Book a Tour Amsterdam","description":"Private Grachtenfahrt in Amsterdam","publisher":{"@id":"https:\/\/bookatour.amsterdam\/#organization"},"potentialAction":[{"@type":"SearchAction","target":{"@type":"EntryPoint","urlTemplate":"https:\/\/bookatour.amsterdam\/?s={search_term_string}"},"query-input":{"@type":"PropertyValueSpecification","valueRequired":true,"valueName":"search_term_string"}}],"inLanguage":"de"},{"@type":"Organization","@id":"https:\/\/bookatour.amsterdam\/#organization","name":"Book a Tour Amsterdam","url":"https:\/\/bookatour.amsterdam\/","logo":{"@type":"ImageObject","inLanguage":"de","@id":"https:\/\/bookatour.amsterdam\/#\/schema\/logo\/image\/","url":"https:\/\/bookatour.amsterdam\/wp-content\/uploads\/2022\/09\/Site-Logo.png","contentUrl":"https:\/\/bookatour.amsterdam\/wp-content\/uploads\/2022\/09\/Site-Logo.png","width":512,"height":512,"caption":"Book a Tour Amsterdam"},"image":{"@id":"https:\/\/bookatour.amsterdam\/#\/schema\/logo\/image\/"},"sameAs":["https:\/\/www.facebook.com\/RederijPaping","https:\/\/www.instagram.com\/rederij.paping\/"]}]}},"_links":{"self":[{"href":"https:\/\/bookatour.amsterdam\/de\/wp-json\/wp\/v2\/pages\/1016","targetHints":{"allow":["GET"]}}],"collection":[{"href":"https:\/\/bookatour.amsterdam\/de\/wp-json\/wp\/v2\/pages"}],"about":[{"href":"https:\/\/bookatour.amsterdam\/de\/wp-json\/wp\/v2\/types\/page"}],"author":[{"embeddable":true,"href":"https:\/\/bookatour.amsterdam\/de\/wp-json\/wp\/v2\/users\/1"}],"replies":[{"embeddable":true,"href":"https:\/\/bookatour.amsterdam\/de\/wp-json\/wp\/v2\/comments?post=1016"}],"version-history":[{"count":0,"href":"https:\/\/bookatour.amsterdam\/de\/wp-json\/wp\/v2\/pages\/1016\/revisions"}],"wp:attachment":[{"href":"https:\/\/bookatour.amsterdam\/de\/wp-json\/wp\/v2\/media?parent=1016"}],"curies":[{"name":"wp","href":"https:\/\/api.w.org\/{rel}","templated":true}]}}