{"id":44,"date":"2022-09-01T13:02:58","date_gmt":"2022-09-01T13:02:58","guid":{"rendered":"http:\/\/bookatour.amsterdam\/?page_id=44"},"modified":"2026-04-07T19:52:29","modified_gmt":"2026-04-07T19:52:29","slug":"boats","status":"publish","type":"page","link":"https:\/\/bookatour.amsterdam\/de\/about\/boats\/","title":{"rendered":"Unsere Boote"},"content":{"rendered":"<div data-elementor-type=\"wp-page\" data-elementor-id=\"44\" class=\"elementor elementor-44\" data-elementor-post-type=\"page\">\n\t\t\t\t<div class=\"elementor-element elementor-element-2c6e9742 e-con-full e-flex e-con e-parent\" data-id=\"2c6e9742\" data-element_type=\"container\" data-settings=\"{&quot;background_background&quot;:&quot;classic&quot;}\">\n\t\t<div class=\"elementor-element elementor-element-2c194557 e-con-full pad-xl e-flex e-con e-child\" data-id=\"2c194557\" data-element_type=\"container\" data-settings=\"{&quot;background_background&quot;:&quot;classic&quot;,&quot;shape_divider_bottom&quot;:&quot;mountains&quot;}\">\n\t\t\t\t<div class=\"elementor-shape elementor-shape-bottom\" aria-hidden=\"true\" data-negative=\"false\">\n\t\t\t<svg xmlns=\"http:\/\/www.w3.org\/2000\/svg\" viewbox=\"0 0 1000 100\" preserveaspectratio=\"none\">\n\t<path class=\"elementor-shape-fill\" opacity=\"0.33\" d=\"M473,67.3c-203.9,88.3-263.1-34-320.3,0C66,119.1,0,59.7,0,59.7V0h1000v59.7 c0,0-62.1,26.1-94.9,29.3c-32.8,3.3-62.8-12.3-75.8-22.1C806,49.6,745.3,8.7,694.9,4.7S492.4,59,473,67.3z\"\/>\n\t<path class=\"elementor-shape-fill\" opacity=\"0.66\" d=\"M734,67.3c-45.5,0-77.2-23.2-129.1-39.1c-28.6-8.7-150.3-10.1-254,39.1 s-91.7-34.4-149.2,0C115.7,118.3,0,39.8,0,39.8V0h1000v36.5c0,0-28.2-18.5-92.1-18.5C810.2,18.1,775.7,67.3,734,67.3z\"\/>\n\t<path class=\"elementor-shape-fill\" d=\"M766.1,28.9c-200-57.5-266,65.5-395.1,19.5C242,1.8,242,5.4,184.8,20.6C128,35.8,132.3,44.9,89.9,52.5C28.6,63.7,0,0,0,0 h1000c0,0-9.9,40.9-83.6,48.1S829.6,47,766.1,28.9z\"\/>\n<\/svg>\t\t<\/div>\n\t\t\t\t<div class=\"elementor-element elementor-element-19b30182 blogtitle elementor-widget elementor-widget-heading\" data-id=\"19b30182\" data-element_type=\"widget\" data-widget_type=\"heading.default\">\n\t\t\t\t\t<h1 class=\"elementor-heading-title elementor-size-default\">Unsere Boote<\/h1>\t\t\t\t<\/div>\n\t\t\t\t<div class=\"elementor-element elementor-element-2662726c elementor-widget elementor-widget-heading\" data-id=\"2662726c\" data-element_type=\"widget\" data-widget_type=\"heading.default\">\n\t\t\t\t\t<h2 class=\"elementor-heading-title elementor-size-default\">Die Boote, mit denen wir fahren<\/h2>\t\t\t\t<\/div>\n\t\t\t\t<div class=\"elementor-element elementor-element-42ac434d elementor-align-center elementor-widget__width-initial elementor-mobile-align-center elementor-widget-tablet__width-inherit elementor-widget-mobile__width-inherit elementor-widget elementor-widget-button\" data-id=\"42ac434d\" data-element_type=\"widget\" data-widget_type=\"button.default\">\n\t\t\t\t\t\t\t\t\t\t<a class=\"elementor-button elementor-button-link elementor-size-sm\" href=\"https:\/\/x2-checkout.xola.app\/flows\/mvp?button=5c7ffd960b211674608b4a64&#038;type=checkout&#038;view=grid&#038;xwm=eyJvcmlnaW4iOiJodHRwczovL2Jvb2thdG91ci5hbXN0ZXJkYW0iLCJjaGFubmVsIjoieDVybWYydHVjb09ibDV3TCJ9&#038;_gl=1*6300f4*_gcl_au*NTc1Mjg3MDIuMTc2NTk4NDQyMy4xOTI5Mjc3Nzg3LjE3Njc1Mjc1MzUuMTc2NzUyNzkxOA..*_ga*MjExMjkxOTQwNS4xNzU1MDk5MTI2*_ga_M2K1C1QP9N*czE3Njc2NDQ1MDMkbzg5JGcxJHQxNzY3NjQ3NjM2JGo0MCRsMCRoMA..\">\n\t\t\t\t\t\t<span class=\"elementor-button-content-wrapper\">\n\t\t\t\t\t\t\t\t\t<span class=\"elementor-button-text\">Planen Sie Ihre Tour<\/span>\n\t\t\t\t\t<\/span>\n\t\t\t\t\t<\/a>\n\t\t\t\t\t\t\t\t<\/div>\n\t\t\t\t<\/div>\n\t\t\t\t<\/div>\n\t\t<div class=\"elementor-element elementor-element-6d038db1 pad-xl e-flex e-con-boxed e-con e-parent\" data-id=\"6d038db1\" data-element_type=\"container\" id=\"about\" data-settings=\"{&quot;background_background&quot;:&quot;classic&quot;}\">\n\t\t\t\t\t<div class=\"e-con-inner\">\n\t\t\t\t<div class=\"elementor-element elementor-element-5e5dc638 elementor-widget__width-initial elementor-view-default elementor-position-block-start elementor-mobile-position-block-start elementor-widget elementor-widget-icon-box\" data-id=\"5e5dc638\" data-element_type=\"widget\" data-widget_type=\"icon-box.default\">\n\t\t\t\t\t\t\t<div class=\"elementor-icon-box-wrapper\">\n\n\t\t\t\t\t\t<div class=\"elementor-icon-box-icon\">\n\t\t\t\t<span  class=\"elementor-icon\">\n\t\t\t\t<svg aria-hidden=\"true\" class=\"e-font-icon-svg e-fas-heart\" viewbox=\"0 0 512 512\" xmlns=\"http:\/\/www.w3.org\/2000\/svg\"><path d=\"M462.3 62.6C407.5 15.9 326 24.3 275.7 76.2L256 96.5l-19.7-20.3C186.1 24.3 104.5 15.9 49.7 62.6c-62.8 53.6-66.1 149.8-9.9 207.9l193.5 199.8c12.5 12.9 32.8 12.9 45.3 0l193.5-199.8c56.3-58.1 53-154.3-9.8-207.9z\"><\/path><\/svg>\t\t\t\t<\/span>\n\t\t\t<\/div>\n\t\t\t\n\t\t\t\t\t\t<div class=\"elementor-icon-box-content\">\n\n\t\t\t\t\t\t\t\t\t<h2 class=\"elementor-icon-box-title\">\n\t\t\t\t\t\t<span  >\n\t\t\t\t\t\t\tUnsere Boote\t\t\t\t\t\t<\/span>\n\t\t\t\t\t<\/h2>\n\t\t\t\t\n\t\t\t\t\t\t\t\t\t<p class=\"elementor-icon-box-description\">\n\t\t\t\t\t\tUnsere Boote sind sogenannte Duffy-Boote. Diese besonderen Schiffe haben wir speziell anfertigen lassen und aus den USA importiert, weil sie perfekt zu den Grachten von Amsterdam passen.\n\nSie sind leise, komfortabel und ideal f\u00fcr entspannte, private Grachtenfahrten.\t\t\t\t\t<\/p>\n\t\t\t\t\n\t\t\t<\/div>\n\t\t\t\n\t\t<\/div>\n\t\t\t\t\t\t<\/div>\n\t\t\t\t\t<\/div>\n\t\t\t\t<\/div>\n\t\t<div class=\"elementor-element elementor-element-40ca3f70 e-flex e-con-boxed e-con e-parent\" data-id=\"40ca3f70\" data-element_type=\"container\" data-settings=\"{&quot;background_background&quot;:&quot;classic&quot;}\">\n\t\t\t\t\t<div class=\"e-con-inner\">\n\t\t<div class=\"elementor-element elementor-element-470151f4 e-con-full e-flex e-con e-child\" data-id=\"470151f4\" data-element_type=\"container\" data-settings=\"{&quot;background_background&quot;:&quot;gradient&quot;}\">\n\t\t\t\t<div class=\"elementor-element elementor-element-315f028d elementor-widget__width-inherit elementor-widget elementor-widget-image\" data-id=\"315f028d\" data-element_type=\"widget\" data-widget_type=\"image.default\">\n\t\t\t\t\t\t\t\t\t\t\t\t\t\t\t<img fetchpriority=\"high\" decoding=\"async\" width=\"800\" height=\"534\" src=\"https:\/\/bookatour.amsterdam\/wp-content\/uploads\/2022\/12\/private-canal-tour-amsterdam-tour-oudeschans-1024x683.webp\" class=\"attachment-large size-large wp-image-4417\" alt=\"private canal tour amsterdam tour oudeschans\" srcset=\"https:\/\/bookatour.amsterdam\/wp-content\/uploads\/2022\/12\/private-canal-tour-amsterdam-tour-oudeschans-1024x683.webp 1024w, https:\/\/bookatour.amsterdam\/wp-content\/uploads\/2022\/12\/private-canal-tour-amsterdam-tour-oudeschans-300x200.webp 300w, https:\/\/bookatour.amsterdam\/wp-content\/uploads\/2022\/12\/private-canal-tour-amsterdam-tour-oudeschans-768x513.webp 768w, https:\/\/bookatour.amsterdam\/wp-content\/uploads\/2022\/12\/private-canal-tour-amsterdam-tour-oudeschans-jpeg.webp 1500w\" sizes=\"(max-width: 800px) 100vw, 800px\" \/>\t\t\t\t\t\t\t\t\t\t\t\t\t\t\t<\/div>\n\t\t<div class=\"elementor-element elementor-element-79a4ac61 e-con-full e-flex e-con e-child\" data-id=\"79a4ac61\" data-element_type=\"container\">\n\t\t\t\t<div class=\"elementor-element elementor-element-7653b8e9 elementor-widget elementor-widget-heading\" data-id=\"7653b8e9\" data-element_type=\"widget\" data-widget_type=\"heading.default\">\n\t\t\t\t\t<h2 class=\"elementor-heading-title elementor-size-default\">Gordita<\/h2>\t\t\t\t<\/div>\n\t\t\t\t<div class=\"elementor-element elementor-element-ff828d7 elementor-widget elementor-widget-text-editor\" data-id=\"ff828d7\" data-element_type=\"widget\" data-widget_type=\"text-editor.default\">\n\t\t\t\t\t\t\t\t\t<p>Die Gordita ist unser vollelektrisches Boot.\nAn Bord befindet sich ein K\u00fchlschrank, in dem Sie Getr\u00e4nke und Snacks k\u00fchl lagern k\u00f6nnen. Das Boot bietet Platz f\u00fcr bis zu 10 G\u00e4ste und ist vollst\u00e4ndig \u00fcberdacht.<\/p>\t\t\t\t\t\t\t\t<\/div>\n\t\t\t\t<\/div>\n\t\t\t\t<\/div>\n\t\t<div class=\"elementor-element elementor-element-7de27571 e-con-full e-flex e-con e-child\" data-id=\"7de27571\" data-element_type=\"container\" data-settings=\"{&quot;background_background&quot;:&quot;gradient&quot;}\">\n\t\t\t\t<div class=\"elementor-element elementor-element-208224a9 elementor-widget__width-inherit elementor-widget elementor-widget-image\" data-id=\"208224a9\" data-element_type=\"widget\" data-widget_type=\"image.default\">\n\t\t\t\t\t\t\t\t\t\t\t\t\t\t\t<img decoding=\"async\" width=\"800\" height=\"534\" src=\"https:\/\/bookatour.amsterdam\/wp-content\/uploads\/2022\/12\/private-canal-tour-amsterdam-tour-family-1024x684.webp\" class=\"attachment-large size-large wp-image-4408\" alt=\"private canal tour amsterdam tour family\" srcset=\"https:\/\/bookatour.amsterdam\/wp-content\/uploads\/2022\/12\/private-canal-tour-amsterdam-tour-family-1024x684.webp 1024w, https:\/\/bookatour.amsterdam\/wp-content\/uploads\/2022\/12\/private-canal-tour-amsterdam-tour-family-300x200.webp 300w, https:\/\/bookatour.amsterdam\/wp-content\/uploads\/2022\/12\/private-canal-tour-amsterdam-tour-family-768x513.webp 768w, https:\/\/bookatour.amsterdam\/wp-content\/uploads\/2022\/12\/private-canal-tour-amsterdam-tour-family-jpeg.webp 1500w\" sizes=\"(max-width: 800px) 100vw, 800px\" \/>\t\t\t\t\t\t\t\t\t\t\t\t\t\t\t<\/div>\n\t\t<div class=\"elementor-element elementor-element-605d8733 e-con-full e-flex e-con e-child\" data-id=\"605d8733\" data-element_type=\"container\">\n\t\t\t\t<div class=\"elementor-element elementor-element-5f3d41 elementor-widget elementor-widget-heading\" data-id=\"5f3d41\" data-element_type=\"widget\" data-widget_type=\"heading.default\">\n\t\t\t\t\t<h2 class=\"elementor-heading-title elementor-size-default\">Blue in Green<\/h2>\t\t\t\t<\/div>\n\t\t\t\t<div class=\"elementor-element elementor-element-f0e4ca0 elementor-widget elementor-widget-text-editor\" data-id=\"f0e4ca0\" data-element_type=\"widget\" data-widget_type=\"text-editor.default\">\n\t\t\t\t\t\t\t\t\t<p class=\"elementor-image-box-description\">Die Blue in Green ist ebenfalls ein elektrisches Boot und zus\u00e4tzlich mit Solarmodulen ausgestattet.\nSie verf\u00fcgt \u00fcber ein kleines Hinterdeck mit zwei Sitzpl\u00e4tzen und bietet ebenfalls Platz f\u00fcr bis zu 10 G\u00e4ste.<\/p>\t\t\t\t\t\t\t\t<\/div>\n\t\t\t\t<\/div>\n\t\t\t\t<\/div>\n\t\t\t\t\t<\/div>\n\t\t\t\t<\/div>\n\t\t<div class=\"elementor-element elementor-element-2db8bb44 pad-xl e-flex e-con-boxed e-con e-parent\" data-id=\"2db8bb44\" data-element_type=\"container\" data-settings=\"{&quot;background_background&quot;:&quot;classic&quot;}\">\n\t\t\t\t\t<div class=\"e-con-inner\">\n\t\t<div class=\"elementor-element elementor-element-3adb0696 e-con-full e-flex e-con e-child\" data-id=\"3adb0696\" data-element_type=\"container\">\n\t\t\t\t<div class=\"elementor-element elementor-element-2e60eb52 elementor-widget elementor-widget-heading\" data-id=\"2e60eb52\" data-element_type=\"widget\" data-widget_type=\"heading.default\">\n\t\t\t\t\t<h2 class=\"elementor-heading-title elementor-size-default\">Was unsere Boote so besonders macht<\/h2>\t\t\t\t<\/div>\n\t\t\t\t<div class=\"elementor-element elementor-element-4a77bc4e elementor-widget elementor-widget-text-editor\" data-id=\"4a77bc4e\" data-element_type=\"widget\" data-widget_type=\"text-editor.default\">\n\t\t\t\t\t\t\t\t\t<p id=\"block-561071f1-0cba-476a-9cbb-3e3a278ed520\" class=\"block-editor-rich-text__editable block-editor-block-list__block wp-block rich-text\" tabindex=\"0\" role=\"group\" aria-multiline=\"true\" aria-label=\"Paragraph block\" data-block=\"561071f1-0cba-476a-9cbb-3e3a278ed520\" data-type=\"core\/paragraph\" data-title=\"Paragraph\">Unsere Boote:<\/p><ul id=\"block-c1ab29d4-096e-452d-9eac-c02ea624350a\" class=\"block-editor-rich-text__editable block-editor-block-list__block wp-block rich-text\" tabindex=\"0\" role=\"group\" aria-multiline=\"true\" aria-label=\"Block: List\" data-block=\"c1ab29d4-096e-452d-9eac-c02ea624350a\" data-type=\"core\/list\" data-title=\"List\"><li><strong>\u2026 sind au\u00dfergew\u00f6hnlich bequem und gesellig<\/strong>Im vorderen Bereich befinden sich Sitzpl\u00e4tze um einen zentralen Tisch. Das schafft eine ruhige, pers\u00f6nliche Atmosph\u00e4re \u2013 ideal zum Unterhalten, einen Snack zu teilen oder ein Getr\u00e4nk zu genie\u00dfen. <strong>Am Heck gibt es einen kleinen offenen Bereich,<\/strong> perfekt f\u00fcr Fotos oder einfach, um kurz frische Luft zu schnappen.<\/li><li><strong>\u2026 fahren vollst\u00e4ndig elektrisch und teilweise solarbetrieben<\/strong> Nachhaltigkeit ist uns <strong>wichtig<\/strong>. Unsere Boote sind <strong>nahezu ger\u00e4uschlos,<\/strong>sodass Sie die Stadt h\u00f6ren k\u00f6nnen, statt Motorenl\u00e4rm. Gespr\u00e4che bleiben entspannt, <em>ohne laut sprechen<\/em> zu m\u00fcssen.<\/li><li><strong>\u2026 sind sehr wendig und f\u00fcr die Grachten gebaut<\/strong> Dank ihrer kompakten Bauweise und niedrigen D\u00e4cher sind unsere Boote ideal f\u00fcr schmale Grachten und niedrige Br\u00fccken. Das erm\u00f6glicht <strong>flexible Routen<\/strong> und den Zugang zu ruhigeren Wasserwegen.<\/li><li><strong>\u2026 sind wetterfest und gem\u00fctlich<\/strong> Unsere Boote verf\u00fcgen \u00fcber einziehbare D\u00e4cher und Fenster. <strong>Bei Regen schlie\u00dfen wir sie einfach, bei Sonne \u00f6ffnen wir alles.<\/strong>An Bord gibt es au\u00dferdem Heizung <strong>und warme Decken, sodass Sie sich bei jedem Wetter wohlf\u00fchlen.<\/strong>!<\/li><li><strong>\u2026 schaffen N\u00e4he und \u00dcbersicht<\/strong>Mit Platz f\u00fcr <strong>bis zu 10 Personen<\/strong> und einem offenen Sitzkonzept haben Sie einen 360-Grad-Blick auf Ihre Umgebung. Der Skipper ist immer in Ihrer N\u00e4he, sodass <strong>Fragen oder Gespr\u00e4che<\/strong> ganz nat\u00fcrlich entstehen.<\/li><\/ul>\t\t\t\t\t\t\t\t<\/div>\n\t\t\t\t<\/div>\n\t\t\t\t\t<\/div>\n\t\t\t\t<\/div>\n\t\t<div class=\"elementor-element elementor-element-7401a788 pad-xl e-flex e-con-boxed e-con e-parent\" data-id=\"7401a788\" data-element_type=\"container\" data-settings=\"{&quot;background_background&quot;:&quot;classic&quot;}\">\n\t\t\t\t\t<div class=\"e-con-inner\">\n\t\t\t\t<div class=\"elementor-element elementor-element-ddbb3c0 elementor-widget elementor-widget-heading\" data-id=\"ddbb3c0\" data-element_type=\"widget\" data-widget_type=\"heading.default\">\n\t\t\t\t\t<h2 class=\"elementor-heading-title elementor-size-default\">Essen, Getr\u00e4nke &amp; Rauchen<\/h2>\t\t\t\t<\/div>\n\t\t\t\t<div class=\"elementor-element elementor-element-4f03681 elementor-widget elementor-widget-text-editor\" data-id=\"4f03681\" data-element_type=\"widget\" data-widget_type=\"text-editor.default\">\n\t\t\t\t\t\t\t\t\t<p><strong>An Bord befindet sich ein K\u00fchlschrank<\/strong>sodass Sie gern eigenes Essen und Getr\u00e4nke mitbringen k\u00f6nnen, um Ihre Fahrt entspannt zu genie\u00dfen.\n\nWir stellen robuste Kunststoffgl\u00e4ser zur Verf\u00fcgung\n\nWenn Sie eigenes Besteck oder Geschirr mitbringen, hilft uns das, Plastik zu vermeiden \u2013 was wir sehr sch\u00e4tzen. <strong>Bitte beachten Sie:\n\nGlas ist aus Sicherheitsgr\u00fcnden an Bord nicht erlaubt<\/strong>.<\/p>\t\t\t\t\t\t\t\t<\/div>\n\t\t\t\t\t<\/div>\n\t\t\t\t<\/div>\n\t\t\t\t<\/div>","protected":false},"excerpt":{"rendered":"<p>The Boats We use for our tours Plan Your Tour Our Boats Our one-of-a-kind ships are called Duffy boats. We had these unique vessels custom-built and imported from the US. We went through that extra trouble because these boats are simply the perfect fit for the canals of Amsterdam. Gordita The Gordita is our fully [&hellip;]<\/p>","protected":false},"author":1,"featured_media":0,"parent":41,"menu_order":0,"comment_status":"closed","ping_status":"closed","template":"elementor_header_footer","meta":{"footnotes":""},"class_list":["post-44","page","type-page","status-publish","hentry"],"yoast_head":"<!-- This site is optimized with the Yoast SEO plugin v26.8 - https:\/\/yoast.com\/product\/yoast-seo-wordpress\/ -->\n<title>Our Canal Boats in Amsterdam | Small &amp; Comfortable<\/title>\n<meta name=\"description\" content=\"Discover our small electric canal boats in Amsterdam. Comfortable, quiet and perfect for private tours in all weather.\" \/>\n<meta name=\"robots\" content=\"index, follow, max-snippet:-1, max-image-preview:large, max-video-preview:-1\" \/>\n<link rel=\"canonical\" href=\"https:\/\/bookatour.amsterdam\/de\/about\/boats\/\" \/>\n<meta property=\"og:locale\" content=\"de_DE\" \/>\n<meta property=\"og:type\" content=\"article\" \/>\n<meta property=\"og:title\" content=\"Our Canal Boats in Amsterdam | Small &amp; Comfortable\" \/>\n<meta property=\"og:description\" content=\"Discover our small electric canal boats in Amsterdam. Comfortable, quiet and perfect for private tours in all weather.\" \/>\n<meta property=\"og:url\" content=\"https:\/\/bookatour.amsterdam\/de\/about\/boats\/\" \/>\n<meta property=\"og:site_name\" content=\"Book a Tour Amsterdam\" \/>\n<meta property=\"article:publisher\" content=\"https:\/\/www.facebook.com\/RederijPaping\" \/>\n<meta property=\"article:modified_time\" content=\"2026-04-07T19:52:29+00:00\" \/>\n<meta property=\"og:image\" content=\"https:\/\/bookatour.amsterdam\/wp-content\/uploads\/2022\/12\/private-canal-tour-amsterdam-tour-oudeschans-jpeg.webp\" \/>\n\t<meta property=\"og:image:width\" content=\"1500\" \/>\n\t<meta property=\"og:image:height\" content=\"1001\" \/>\n\t<meta property=\"og:image:type\" content=\"image\/jpeg\" \/>\n<meta name=\"twitter:card\" content=\"summary_large_image\" \/>\n<meta name=\"twitter:label1\" content=\"Gesch\u00e4tzte Lesezeit\" \/>\n\t<meta name=\"twitter:data1\" content=\"3\u00a0Minuten\" \/>\n<script type=\"application\/ld+json\" class=\"yoast-schema-graph\">{\"@context\":\"https:\/\/schema.org\",\"@graph\":[{\"@type\":\"WebPage\",\"@id\":\"https:\/\/bookatour.amsterdam\/about\/boats\/\",\"url\":\"https:\/\/bookatour.amsterdam\/about\/boats\/\",\"name\":\"Our Canal Boats in Amsterdam | Small & Comfortable\",\"isPartOf\":{\"@id\":\"https:\/\/bookatour.amsterdam\/#website\"},\"primaryImageOfPage\":{\"@id\":\"https:\/\/bookatour.amsterdam\/about\/boats\/#primaryimage\"},\"image\":{\"@id\":\"https:\/\/bookatour.amsterdam\/about\/boats\/#primaryimage\"},\"thumbnailUrl\":\"https:\/\/bookatour.amsterdam\/wp-content\/uploads\/2022\/12\/private-canal-tour-amsterdam-tour-oudeschans-1024x683.webp\",\"datePublished\":\"2022-09-01T13:02:58+00:00\",\"dateModified\":\"2026-04-07T19:52:29+00:00\",\"description\":\"Discover our small electric canal boats in Amsterdam. Comfortable, quiet and perfect for private tours in all weather.\",\"breadcrumb\":{\"@id\":\"https:\/\/bookatour.amsterdam\/about\/boats\/#breadcrumb\"},\"inLanguage\":\"de\",\"potentialAction\":[{\"@type\":\"ReadAction\",\"target\":[\"https:\/\/bookatour.amsterdam\/about\/boats\/\"]}]},{\"@type\":\"ImageObject\",\"inLanguage\":\"de\",\"@id\":\"https:\/\/bookatour.amsterdam\/about\/boats\/#primaryimage\",\"url\":\"https:\/\/bookatour.amsterdam\/wp-content\/uploads\/2022\/12\/private-canal-tour-amsterdam-tour-oudeschans-1024x683.webp\",\"contentUrl\":\"https:\/\/bookatour.amsterdam\/wp-content\/uploads\/2022\/12\/private-canal-tour-amsterdam-tour-oudeschans-1024x683.webp\"},{\"@type\":\"BreadcrumbList\",\"@id\":\"https:\/\/bookatour.amsterdam\/about\/boats\/#breadcrumb\",\"itemListElement\":[{\"@type\":\"ListItem\",\"position\":1,\"name\":\"Home\",\"item\":\"https:\/\/bookatour.amsterdam\/\"},{\"@type\":\"ListItem\",\"position\":2,\"name\":\"About\",\"item\":\"https:\/\/bookatour.amsterdam\/about\/\"},{\"@type\":\"ListItem\",\"position\":3,\"name\":\"Boats\"}]},{\"@type\":\"WebSite\",\"@id\":\"https:\/\/bookatour.amsterdam\/#website\",\"url\":\"https:\/\/bookatour.amsterdam\/\",\"name\":\"Book a Tour Amsterdam\",\"description\":\"Private Canal Cruise Amsterdam\",\"publisher\":{\"@id\":\"https:\/\/bookatour.amsterdam\/#organization\"},\"potentialAction\":[{\"@type\":\"SearchAction\",\"target\":{\"@type\":\"EntryPoint\",\"urlTemplate\":\"https:\/\/bookatour.amsterdam\/?s={search_term_string}\"},\"query-input\":{\"@type\":\"PropertyValueSpecification\",\"valueRequired\":true,\"valueName\":\"search_term_string\"}}],\"inLanguage\":\"de\"},{\"@type\":\"Organization\",\"@id\":\"https:\/\/bookatour.amsterdam\/#organization\",\"name\":\"Book a Tour Amsterdam\",\"url\":\"https:\/\/bookatour.amsterdam\/\",\"logo\":{\"@type\":\"ImageObject\",\"inLanguage\":\"de\",\"@id\":\"https:\/\/bookatour.amsterdam\/#\/schema\/logo\/image\/\",\"url\":\"https:\/\/bookatour.amsterdam\/wp-content\/uploads\/2022\/09\/Site-Logo.png\",\"contentUrl\":\"https:\/\/bookatour.amsterdam\/wp-content\/uploads\/2022\/09\/Site-Logo.png\",\"width\":512,\"height\":512,\"caption\":\"Book a Tour Amsterdam\"},\"image\":{\"@id\":\"https:\/\/bookatour.amsterdam\/#\/schema\/logo\/image\/\"},\"sameAs\":[\"https:\/\/www.facebook.com\/RederijPaping\",\"https:\/\/www.instagram.com\/rederij.paping\/\"]}]}<\/script>\n<!-- \/ Yoast SEO plugin. -->","yoast_head_json":{"title":"Our Canal Boats in Amsterdam | Small & Comfortable","description":"Discover our small electric canal boats in Amsterdam. Comfortable, quiet and perfect for private tours in all weather.","robots":{"index":"index","follow":"follow","max-snippet":"max-snippet:-1","max-image-preview":"max-image-preview:large","max-video-preview":"max-video-preview:-1"},"canonical":"https:\/\/bookatour.amsterdam\/de\/about\/boats\/","og_locale":"de_DE","og_type":"article","og_title":"Our Canal Boats in Amsterdam | Small & Comfortable","og_description":"Discover our small electric canal boats in Amsterdam. Comfortable, quiet and perfect for private tours in all weather.","og_url":"https:\/\/bookatour.amsterdam\/de\/about\/boats\/","og_site_name":"Book a Tour Amsterdam","article_publisher":"https:\/\/www.facebook.com\/RederijPaping","article_modified_time":"2026-04-07T19:52:29+00:00","og_image":[{"width":1500,"height":1001,"url":"https:\/\/bookatour.amsterdam\/wp-content\/uploads\/2022\/12\/private-canal-tour-amsterdam-tour-oudeschans-jpeg.webp","type":"image\/jpeg"}],"twitter_card":"summary_large_image","twitter_misc":{"Gesch\u00e4tzte Lesezeit":"3\u00a0Minuten"},"schema":{"@context":"https:\/\/schema.org","@graph":[{"@type":"WebPage","@id":"https:\/\/bookatour.amsterdam\/about\/boats\/","url":"https:\/\/bookatour.amsterdam\/about\/boats\/","name":"Our Canal Boats in Amsterdam | Small & Comfortable","isPartOf":{"@id":"https:\/\/bookatour.amsterdam\/#website"},"primaryImageOfPage":{"@id":"https:\/\/bookatour.amsterdam\/about\/boats\/#primaryimage"},"image":{"@id":"https:\/\/bookatour.amsterdam\/about\/boats\/#primaryimage"},"thumbnailUrl":"https:\/\/bookatour.amsterdam\/wp-content\/uploads\/2022\/12\/private-canal-tour-amsterdam-tour-oudeschans-1024x683.webp","datePublished":"2022-09-01T13:02:58+00:00","dateModified":"2026-04-07T19:52:29+00:00","description":"Discover our small electric canal boats in Amsterdam. Comfortable, quiet and perfect for private tours in all weather.","breadcrumb":{"@id":"https:\/\/bookatour.amsterdam\/about\/boats\/#breadcrumb"},"inLanguage":"de","potentialAction":[{"@type":"ReadAction","target":["https:\/\/bookatour.amsterdam\/about\/boats\/"]}]},{"@type":"ImageObject","inLanguage":"de","@id":"https:\/\/bookatour.amsterdam\/about\/boats\/#primaryimage","url":"https:\/\/bookatour.amsterdam\/wp-content\/uploads\/2022\/12\/private-canal-tour-amsterdam-tour-oudeschans-1024x683.webp","contentUrl":"https:\/\/bookatour.amsterdam\/wp-content\/uploads\/2022\/12\/private-canal-tour-amsterdam-tour-oudeschans-1024x683.webp"},{"@type":"BreadcrumbList","@id":"https:\/\/bookatour.amsterdam\/about\/boats\/#breadcrumb","itemListElement":[{"@type":"ListItem","position":1,"name":"Home","item":"https:\/\/bookatour.amsterdam\/"},{"@type":"ListItem","position":2,"name":"About","item":"https:\/\/bookatour.amsterdam\/about\/"},{"@type":"ListItem","position":3,"name":"Boats"}]},{"@type":"WebSite","@id":"https:\/\/bookatour.amsterdam\/#website","url":"https:\/\/bookatour.amsterdam\/","name":"Book a Tour Amsterdam","description":"Private Grachtenfahrt in Amsterdam","publisher":{"@id":"https:\/\/bookatour.amsterdam\/#organization"},"potentialAction":[{"@type":"SearchAction","target":{"@type":"EntryPoint","urlTemplate":"https:\/\/bookatour.amsterdam\/?s={search_term_string}"},"query-input":{"@type":"PropertyValueSpecification","valueRequired":true,"valueName":"search_term_string"}}],"inLanguage":"de"},{"@type":"Organization","@id":"https:\/\/bookatour.amsterdam\/#organization","name":"Book a Tour Amsterdam","url":"https:\/\/bookatour.amsterdam\/","logo":{"@type":"ImageObject","inLanguage":"de","@id":"https:\/\/bookatour.amsterdam\/#\/schema\/logo\/image\/","url":"https:\/\/bookatour.amsterdam\/wp-content\/uploads\/2022\/09\/Site-Logo.png","contentUrl":"https:\/\/bookatour.amsterdam\/wp-content\/uploads\/2022\/09\/Site-Logo.png","width":512,"height":512,"caption":"Book a Tour Amsterdam"},"image":{"@id":"https:\/\/bookatour.amsterdam\/#\/schema\/logo\/image\/"},"sameAs":["https:\/\/www.facebook.com\/RederijPaping","https:\/\/www.instagram.com\/rederij.paping\/"]}]}},"_links":{"self":[{"href":"https:\/\/bookatour.amsterdam\/de\/wp-json\/wp\/v2\/pages\/44","targetHints":{"allow":["GET"]}}],"collection":[{"href":"https:\/\/bookatour.amsterdam\/de\/wp-json\/wp\/v2\/pages"}],"about":[{"href":"https:\/\/bookatour.amsterdam\/de\/wp-json\/wp\/v2\/types\/page"}],"author":[{"embeddable":true,"href":"https:\/\/bookatour.amsterdam\/de\/wp-json\/wp\/v2\/users\/1"}],"replies":[{"embeddable":true,"href":"https:\/\/bookatour.amsterdam\/de\/wp-json\/wp\/v2\/comments?post=44"}],"version-history":[{"count":57,"href":"https:\/\/bookatour.amsterdam\/de\/wp-json\/wp\/v2\/pages\/44\/revisions"}],"predecessor-version":[{"id":16165,"href":"https:\/\/bookatour.amsterdam\/de\/wp-json\/wp\/v2\/pages\/44\/revisions\/16165"}],"up":[{"embeddable":true,"href":"https:\/\/bookatour.amsterdam\/de\/wp-json\/wp\/v2\/pages\/41"}],"wp:attachment":[{"href":"https:\/\/bookatour.amsterdam\/de\/wp-json\/wp\/v2\/media?parent=44"}],"curies":[{"name":"wp","href":"https:\/\/api.w.org\/{rel}","templated":true}]}}